{"id":31,"date":"2012-08-24T08:18:51","date_gmt":"2012-08-24T08:18:51","guid":{"rendered":"https:\/\/showside.se\/?page_id=31"},"modified":"2025-07-25T10:10:47","modified_gmt":"2025-07-25T10:10:47","slug":"welcome","status":"publish","type":"page","link":"https:\/\/showside.se\/","title":{"rendered":"V\u00e4lkommen!"},"content":{"rendered":"<p>Det \u00e4r uppenbart att makt och rikedom \u00e4r oj\u00e4mnt f\u00f6rdelade. Ett alarmerande faktum \u00e4r att makten \u00f6ver sanningen \u00e4r s\u00e5 koncentrerad \u2013 s\u00e5 f\u00e5 spelare har s\u00e5 mycket makt \u00f6ver fakta och fiktion. Demokratin bygger inte p\u00e5 detta faktum.<\/p>\n<p>Men eftersom jag trots allt \u00e4r optimist, tycker jag att det \u00e4r uppmuntrande att s\u00e5 m\u00e5nga m\u00e4nniskor \u00e4r intresserade av det gemensamma b\u00e4sta i v\u00e5r v\u00e4rld. Hur ser bra ut? Och kan vi uppn\u00e5 det? Hur? P\u00e5 den h\u00e4r platsen vill jag f\u00f6rst\u00e4rka bra initiativ. F\u00f6r att g\u00f6ra det \u00e4r det n\u00f6dv\u00e4ndigt att koncentrera sig p\u00e5 avg\u00f6rande variabler. Vi m\u00e5ste omf\u00f6renkla saker som g\u00f6rs komplicerade, helt i on\u00f6dan. Tillg\u00e4ngliga verktyg \u2013 b\u00e5de fiktion och fakta f\u00f6r att peka p\u00e5 problem och l\u00f6sningar \u2013 b\u00f6r anv\u00e4ndas. Jag har gett ut tre politiska sp\u00e4nningsromaner, hittills utgivna p\u00e5 svenska. V\u00e4ntar p\u00e5 att Netflix.com ska h\u00e4nga p\u00e5.<\/p>\n<p>Den f\u00f6rsta, &#8220;<strong>Ingreppet<\/strong>&#8220;, \u00e4r skriven p\u00e5 svenska men jag planerar att g\u00f6ra den tillg\u00e4nglig p\u00e5 engelska.<\/p>\n<p>Den andra romanen handlar om den handel med organ som \u00e4ger rum \u00f6ver hela v\u00e4rlden. Scenen \u00e4r Rwanda och Kongo Kinshasa. Intrigen blir en metafor f\u00f6r klyftan mellan fattig och rik \u2013 och hur den utnyttjas. <strong>\u201dLevande d\u00f6da\u201d<\/strong> \u2013 \u00e4r den svenska titeln.<\/p>\n<p>Den tredje romanen <strong>\u201dVolont\u00e4rspelet\u201d<\/strong> handlar om ett nytt fenomen: Volont\u00e4rprogram erbjuds f\u00f6r pengar. Med andra ord kan du \u2013 eller n\u00e5gra f\u00f6r\u00e4ldrar \u2013 betala f\u00f6r en vistelse p\u00e5 ett viltreservat f\u00f6r att boosta din C.V. I Volont\u00e4rspelet s\u00e4tts fr\u00e5gan &#8220;\u00c4r m\u00e4nniskor i grunden goda?&#8221; p\u00e5 prov.<\/p>\n<p>F\u00f6rutom de tre sp\u00e4nningsromanerna har jag skrivit <strong>\u201dP\u00e5 flykt till k\u00e4rleken\u201d<\/strong>, en ber\u00e4ttelse om tv\u00e5 unga m\u00e4nniskor, en flicka fr\u00e5n norra Sverige och en pojke fr\u00e5n s\u00f6dra Tyskland som m\u00f6ts \u2013 och blir k\u00e4ra \u2013 n\u00e4r andra v\u00e4rldskriget b\u00f6rjar. Boken \u00e4r skriven p\u00e5 svenska och den tyska \u00f6vers\u00e4ttningen s\u00f6ker nu sitt f\u00f6rlag: <strong>&#8220;Eine Frage des geringsten Widerstandes&#8221;.<\/strong><\/p>\n<p>Peter Winai<\/p>\n","protected":false},"excerpt":{"rendered":"<p>Det \u00e4r uppenbart att makt och rikedom \u00e4r oj\u00e4mnt f\u00f6rdelade. Ett alarmerande faktum \u00e4r att makten \u00f6ver sanningen \u00e4r s\u00e5 koncentrerad \u2013 s\u00e5 f\u00e5 spelare har s\u00e5 mycket makt \u00f6ver fakta och fiktion. Demokratin bygger inte p\u00e5 detta faktum. Men eftersom jag trots allt \u00e4r optimist, tycker jag att det \u00e4r uppmuntrande att s\u00e5 m\u00e5nga [&hellip;]<\/p>\n","protected":false},"author":1,"featured_media":0,"parent":0,"menu_order":0,"comment_status":"closed","ping_status":"closed","template":"","meta":{"footnotes":""},"_links":{"self":[{"href":"https:\/\/showside.se\/index.php?rest_route=\/wp\/v2\/pages\/31"}],"collection":[{"href":"https:\/\/showside.se\/index.php?rest_route=\/wp\/v2\/pages"}],"about":[{"href":"https:\/\/showside.se\/index.php?rest_route=\/wp\/v2\/types\/page"}],"author":[{"embeddable":true,"href":"https:\/\/showside.se\/index.php?rest_route=\/wp\/v2\/users\/1"}],"replies":[{"embeddable":true,"href":"https:\/\/showside.se\/index.php?rest_route=%2Fwp%2Fv2%2Fcomments&post=31"}],"version-history":[{"count":15,"href":"https:\/\/showside.se\/index.php?rest_route=\/wp\/v2\/pages\/31\/revisions"}],"predecessor-version":[{"id":350,"href":"https:\/\/showside.se\/index.php?rest_route=\/wp\/v2\/pages\/31\/revisions\/350"}],"wp:attachment":[{"href":"https:\/\/showside.se\/index.php?rest_route=%2Fwp%2Fv2%2Fmedia&parent=31"}],"curies":[{"name":"wp","href":"https:\/\/api.w.org\/{rel}","templated":true}]}}